{"id":11,"date":"2017-03-05T10:10:16","date_gmt":"2017-03-05T10:10:16","guid":{"rendered":"http:\/\/waren.friseur-goldencut.de\/?page_id=11"},"modified":"2020-01-07T10:50:10","modified_gmt":"2020-01-07T10:50:10","slug":"team","status":"publish","type":"page","link":"http:\/\/waren.friseur-goldencut.de\/?page_id=11","title":{"rendered":"Unser Team"},"content":{"rendered":"<h1 style=\"text-align: center;\"><span style=\"color: #000000;\"><strong>Team zum PFENNIGSBERG<\/strong><\/span><\/h1>\n<table class=\"aligncenter\" style=\"height: 480px;\" border=\"0\" width=\"600\" cellspacing=\"10\" bgcolor=\"#000000\">\n<tbody>\n<tr>\n<td>\n<h3 style=\"text-align: center;\"><strong><span style=\"color: #ffffff;\"> Daniela Neumann<\/span><\/strong><\/h3>\n<\/td>\n<td>\n<h3 style=\"text-align: center;\"><span style=\"color: #ffffff;\"> Michaela Stier <\/span><\/h3>\n<\/td>\n<td>\n<h3 style=\"text-align: center;\">&nbsp;<\/h3>\n<\/td>\n<\/tr>\n<tr>\n<td><img loading=\"lazy\" decoding=\"async\" class=\"alignnone size-full wp-image-380\" src=\"http:\/\/waren.friseur-goldencut.de\/wp-content\/uploads\/2020\/01\/Daniela-Neumann-1.jpg\" alt=\"\" width=\"200\" height=\"355\"><\/td>\n<td><img loading=\"lazy\" decoding=\"async\" class=\"alignnone size-full wp-image-381\" src=\"http:\/\/waren.friseur-goldencut.de\/wp-content\/uploads\/2017\/03\/Michaela-Stier-1.jpg\" alt=\"\" width=\"200\" height=\"355\"><\/td>\n<td><img class=\"alignnone size-full wp-image-382\" alt=\"\" width=\"200\" height=\"355\"><\/td>\n<\/tr>\n<tr>\n<td>\n<h3 style=\"text-align: center;\"><strong><span style=\"color: #ffffff;\"> Friseurmeister seit 2003<\/span><\/strong><\/h3>\n<\/td>\n<td>\n<h3 style=\"text-align: center;\"><strong><span style=\"color: #ffffff;\">Friseurin<\/span><\/strong><\/h3>\n<\/td>\n<td>\n<h3 style=\"text-align: center;\">&nbsp;<\/h3>\n<\/td>\n<\/tr>\n<\/tbody>\n<\/table>\n<h1 style=\"text-align: center;\"><img loading=\"lazy\" decoding=\"async\" class=\"alignnone wp-image-1280\" src=\"http:\/\/waren.friseur-goldencut.de\/wp-content\/uploads\/2020\/01\/Image-2020-01-02-768x1024.jpg\" alt=\"\" width=\"600\" height=\"800\" srcset=\"http:\/\/waren.friseur-goldencut.de\/wp-content\/uploads\/2020\/01\/Image-2020-01-02-768x1024.jpg 768w, http:\/\/waren.friseur-goldencut.de\/wp-content\/uploads\/2020\/01\/Image-2020-01-02-225x300.jpg 225w, http:\/\/waren.friseur-goldencut.de\/wp-content\/uploads\/2020\/01\/Image-2020-01-02.jpg 1200w\" sizes=\"auto, (max-width: 600px) 100vw, 600px\" \/><\/h1>\n<h1 style=\"text-align: center;\"><span style=\"color: #000000;\"><strong>Team Teterower Stra\u00dfe<\/strong><\/span><\/h1>\n<table class=\"aligncenter\" style=\"height: 480px;\" border=\"0\" width=\"600\" cellspacing=\"10\" bgcolor=\"#000000\">\n<tbody>\n<tr>\n<td>\n<h3 style=\"text-align: center;\"><strong><span style=\"color: #ffffff;\"> Nadine Mohnke<\/span><\/strong><\/h3>\n<\/td>\n<td>\n<h3 style=\"text-align: center;\"><span style=\"color: #ffffff;\"> Sandra Kruse <\/span><\/h3>\n<\/td>\n<td>\n<h3 style=\"text-align: center;\"><span style=\"color: #ffffff;\"> D\u00f6rte R\u00fcnzel <\/span><\/h3>\n<\/td>\n<\/tr>\n<tr>\n<td><img loading=\"lazy\" decoding=\"async\" class=\"alignnone size-full wp-image-380\" src=\"http:\/\/waren.friseur-goldencut.de\/wp-content\/uploads\/2017\/03\/Nadine-Mohnke-1.jpg\" alt=\"\" width=\"200\" height=\"355\"><\/td>\n<td><img loading=\"lazy\" decoding=\"async\" class=\"alignnone size-full wp-image-381\" src=\"http:\/\/waren.friseur-goldencut.de\/wp-content\/uploads\/2017\/03\/Sandra-Kruse-1.jpg\" alt=\"\" width=\"200\" height=\"355\"><\/td>\n<td><img loading=\"lazy\" decoding=\"async\" class=\"alignnone size-full wp-image-382\" src=\"http:\/\/waren.friseur-goldencut.de\/wp-content\/uploads\/2020\/01\/D\u00f6rte-R\u00fcnzel.jpg\" alt=\"\" width=\"200\" height=\"355\"><\/td>\n<\/tr>\n<tr>\n<td>\n<h3 style=\"text-align: center;\"><strong><span style=\"color: #ffffff;\"> Friseurin<\/span><\/strong><\/h3>\n<\/td>\n<td>\n<h3 style=\"text-align: center;\"><strong><span style=\"color: #ffffff;\">Friseurin<\/span><\/strong><\/h3>\n<\/td>\n<td>\n<h3 style=\"text-align: center;\"><strong><span style=\"color: #ffffff;\">Friseurin<\/span><\/strong><\/h3>\n<\/td>\n<\/tr>\n<\/tbody>\n<\/table>\n\n\n<div class=\"wp-block-image\"><figure class=\"aligncenter is-resized\"><img loading=\"lazy\" decoding=\"async\" src=\"http:\/\/waren.friseur-goldencut.de\/wp-content\/uploads\/2020\/01\/Image-2020-01-1-1024x836.jpg\" alt=\"\" class=\"wp-image-1279\" width=\"600\" height=\"489\" srcset=\"http:\/\/waren.friseur-goldencut.de\/wp-content\/uploads\/2020\/01\/Image-2020-01-1-1024x836.jpg 1024w, http:\/\/waren.friseur-goldencut.de\/wp-content\/uploads\/2020\/01\/Image-2020-01-1-300x245.jpg 300w, http:\/\/waren.friseur-goldencut.de\/wp-content\/uploads\/2020\/01\/Image-2020-01-1-768x627.jpg 768w, http:\/\/waren.friseur-goldencut.de\/wp-content\/uploads\/2020\/01\/Image-2020-01-1.jpg 1050w\" sizes=\"auto, (max-width: 600px) 100vw, 600px\" \/><\/figure><\/div>\n","protected":false},"excerpt":{"rendered":"<p>Team zum PFENNIGSBERG Daniela Neumann Michaela Stier &nbsp; Friseurmeister seit 2003 Friseurin &nbsp; Team Teterower Stra\u00dfe Nadine Mohnke Sandra Kruse D\u00f6rte R\u00fcnzel Friseurin Friseurin Friseurin<\/p>\n","protected":false},"author":1,"featured_media":0,"parent":0,"menu_order":3,"comment_status":"closed","ping_status":"closed","template":"","meta":{"footnotes":""},"class_list":["post-11","page","type-page","status-publish","hentry"],"_links":{"self":[{"href":"http:\/\/waren.friseur-goldencut.de\/index.php?rest_route=\/wp\/v2\/pages\/11","targetHints":{"allow":["GET"]}}],"collection":[{"href":"http:\/\/waren.friseur-goldencut.de\/index.php?rest_route=\/wp\/v2\/pages"}],"about":[{"href":"http:\/\/waren.friseur-goldencut.de\/index.php?rest_route=\/wp\/v2\/types\/page"}],"author":[{"embeddable":true,"href":"http:\/\/waren.friseur-goldencut.de\/index.php?rest_route=\/wp\/v2\/users\/1"}],"replies":[{"embeddable":true,"href":"http:\/\/waren.friseur-goldencut.de\/index.php?rest_route=%2Fwp%2Fv2%2Fcomments&post=11"}],"version-history":[{"count":443,"href":"http:\/\/waren.friseur-goldencut.de\/index.php?rest_route=\/wp\/v2\/pages\/11\/revisions"}],"predecessor-version":[{"id":1289,"href":"http:\/\/waren.friseur-goldencut.de\/index.php?rest_route=\/wp\/v2\/pages\/11\/revisions\/1289"}],"wp:attachment":[{"href":"http:\/\/waren.friseur-goldencut.de\/index.php?rest_route=%2Fwp%2Fv2%2Fmedia&parent=11"}],"curies":[{"name":"wp","href":"https:\/\/api.w.org\/{rel}","templated":true}]}}