{"id":14,"date":"2017-03-05T10:10:16","date_gmt":"2017-03-05T10:10:16","guid":{"rendered":"http:\/\/waren.friseur-goldencut.de\/?page_id=14"},"modified":"2018-05-22T17:42:19","modified_gmt":"2018-05-22T17:42:19","slug":"salon-teterower-strasse","status":"publish","type":"page","link":"http:\/\/waren.friseur-goldencut.de\/?page_id=14","title":{"rendered":"Golden Cut Teterower Stra\u00dfe"},"content":{"rendered":"<p><span style=\"color: #808000;\"><strong>Friseursalon Golden Cut \u2013 Ihr Friseur in Waren M\u00fcritz<\/strong><\/span><\/p>\n<h2>Golden Cut<br \/>\nInhaberin Nadine Mohnke<br \/>\nTeterower Stra\u00dfe 29<br \/>\n17192 Waren M\u00fcritz<br \/>\nTelefon: (03991) 18 02 540<\/h2>\n<h2><span style=\"color: #808000;\"><strong><br \/>\nHerzlich Willkommen !<\/strong><\/span><\/h2>\n<p><strong>Bei uns stehen Sie im Mittelpunkt,<\/strong><\/p>\n<p><strong>deshalb ist es uns wichtig Sie fachgerecht<\/strong><\/p>\n<p><strong>f\u00fcr Schnitt, Coloration und Styling zu beraten.<\/strong><\/p>\n<h3><span style=\"color: #808000;\">Ambiente Friseursalon<\/span><\/h3>\n<table border=\"5\" align=\"left\" bgcolor=\"#000000\">\n<tbody>\n<tr>\n<td><a href=\"http:\/\/waren.friseur-goldencut.de\/wp-content\/uploads\/2017\/04\/teterower_str_bild1_gr.jpg\" target=\"_blank\" rel=\"noopener noreferrer\"><img loading=\"lazy\" decoding=\"async\" src=\"http:\/\/waren.friseur-goldencut.de\/wp-content\/uploads\/2017\/04\/teterower_str_bild1_kl.jpg\" alt=\"\" width=\"100\" height=\"133\" \/><\/a><\/td>\n<\/tr>\n<\/tbody>\n<\/table>\n<table border=\"5\" align=\"left\" bgcolor=\"#000000\">\n<tbody>\n<tr>\n<td><a href=\"http:\/\/waren.friseur-goldencut.de\/wp-content\/uploads\/2017\/04\/teterower_str_bild2_gr.jpg\" target=\"_blank\" rel=\"noopener noreferrer\"><img loading=\"lazy\" decoding=\"async\" src=\"http:\/\/waren.friseur-goldencut.de\/wp-content\/uploads\/2017\/04\/teterower_str_bild2_kl.jpg\" alt=\"\" width=\"100\" height=\"133\" \/><\/a><\/td>\n<\/tr>\n<\/tbody>\n<\/table>\n<table border=\"5\" align=\"left\" bgcolor=\"#000000\">\n<tbody>\n<tr>\n<td><a href=\"http:\/\/waren.friseur-goldencut.de\/wp-content\/uploads\/2017\/04\/teterower_str_bild3_gr.jpg\" target=\"_blank\" rel=\"noopener noreferrer\"><img loading=\"lazy\" decoding=\"async\" src=\"http:\/\/waren.friseur-goldencut.de\/wp-content\/uploads\/2017\/04\/teterower_str_bild3_kl.jpg\" alt=\"\" width=\"100\" height=\"133\" \/><\/a><\/td>\n<\/tr>\n<\/tbody>\n<\/table>\n<table border=\"5\" align=\"left\" bgcolor=\"#000000\">\n<tbody>\n<tr>\n<td><a href=\"http:\/\/waren.friseur-goldencut.de\/wp-content\/uploads\/2017\/04\/teterower_str_bild4_gr.jpg\" target=\"_blank\" rel=\"noopener noreferrer\"><img loading=\"lazy\" decoding=\"async\" src=\"http:\/\/waren.friseur-goldencut.de\/wp-content\/uploads\/2017\/04\/teterower_str_bild4_kl.jpg\" alt=\"\" width=\"100\" height=\"133\" \/><\/a><\/td>\n<\/tr>\n<\/tbody>\n<\/table>\n<table border=\"5\" align=\"left\" bgcolor=\"#000000\">\n<tbody>\n<tr>\n<td><a href=\"http:\/\/waren.friseur-goldencut.de\/wp-content\/uploads\/2017\/04\/teterower_str_bild5_gr.jpg\" target=\"_blank\" rel=\"noopener noreferrer\"><img loading=\"lazy\" decoding=\"async\" src=\"http:\/\/waren.friseur-goldencut.de\/wp-content\/uploads\/2017\/04\/teterower_str_bild5_kl.jpg\" alt=\"\" width=\"100\" height=\"133\" \/><\/a><\/td>\n<\/tr>\n<\/tbody>\n<\/table>\n<table border=\"5\" align=\"left\" bgcolor=\"#000000\">\n<tbody>\n<tr>\n<td><a href=\"http:\/\/waren.friseur-goldencut.de\/wp-content\/uploads\/2017\/04\/teterower_str_bild6_gr.jpg\" target=\"_blank\" rel=\"noopener noreferrer\"><img loading=\"lazy\" decoding=\"async\" src=\"http:\/\/waren.friseur-goldencut.de\/wp-content\/uploads\/2017\/04\/teterower_str_bild6_kl.jpg\" alt=\"\" width=\"100\" height=\"133\" \/><\/a><\/td>\n<\/tr>\n<\/tbody>\n<\/table>\n<p>&nbsp;<\/p>\n<p>&nbsp;<\/p>\n<p>&nbsp;<\/p>\n<p>&nbsp;<\/p>\n<p>&nbsp;<\/p>\n<p>&nbsp;<\/p>\n<p><span style=\"color: #008000;\">Hier finden Sie uns<\/span><\/p>\n<p><iframe loading=\"lazy\" style=\"border: 0;\" src=\"https:\/\/www.google.com\/maps\/embed?pb=!1m18!1m12!1m3!1d2371.8201180062374!2d12.67260374258167!3d53.52526938742054!2m3!1f0!2f0!3f0!3m2!1i1024!2i768!4f13.1!3m3!1m2!1s0x0%3A0x89dfe93cdc00920d!2sGolden+Cut+Teterower+Stra%C3%9Fe!5e0!3m2!1sde!2sus!4v1492694624595\" width=\"700\" height=\"400\" frameborder=\"0\" allowfullscreen=\"allowfullscreen\"><\/iframe><\/p>\n","protected":false},"excerpt":{"rendered":"<p>Friseursalon Golden Cut \u2013 Ihr Friseur in Waren M\u00fcritz Golden Cut Inhaberin Nadine Mohnke Teterower Stra\u00dfe 29 17192 Waren M\u00fcritz Telefon: (03991) 18 02 540 Herzlich Willkommen ! Bei uns stehen Sie im Mittelpunkt, deshalb ist es uns wichtig Sie fachgerecht f\u00fcr Schnitt, Coloration und Styling zu beraten. Ambiente Friseursalon &nbsp; &nbsp; &nbsp; &nbsp; &nbsp; [&hellip;]<\/p>\n","protected":false},"author":1,"featured_media":0,"parent":0,"menu_order":8,"comment_status":"closed","ping_status":"closed","template":"","meta":{"footnotes":""},"class_list":["post-14","page","type-page","status-publish","hentry"],"_links":{"self":[{"href":"http:\/\/waren.friseur-goldencut.de\/index.php?rest_route=\/wp\/v2\/pages\/14","targetHints":{"allow":["GET"]}}],"collection":[{"href":"http:\/\/waren.friseur-goldencut.de\/index.php?rest_route=\/wp\/v2\/pages"}],"about":[{"href":"http:\/\/waren.friseur-goldencut.de\/index.php?rest_route=\/wp\/v2\/types\/page"}],"author":[{"embeddable":true,"href":"http:\/\/waren.friseur-goldencut.de\/index.php?rest_route=\/wp\/v2\/users\/1"}],"replies":[{"embeddable":true,"href":"http:\/\/waren.friseur-goldencut.de\/index.php?rest_route=%2Fwp%2Fv2%2Fcomments&post=14"}],"version-history":[{"count":122,"href":"http:\/\/waren.friseur-goldencut.de\/index.php?rest_route=\/wp\/v2\/pages\/14\/revisions"}],"predecessor-version":[{"id":1065,"href":"http:\/\/waren.friseur-goldencut.de\/index.php?rest_route=\/wp\/v2\/pages\/14\/revisions\/1065"}],"wp:attachment":[{"href":"http:\/\/waren.friseur-goldencut.de\/index.php?rest_route=%2Fwp%2Fv2%2Fmedia&parent=14"}],"curies":[{"name":"wp","href":"https:\/\/api.w.org\/{rel}","templated":true}]}}