{"id":20,"date":"2017-03-05T10:11:42","date_gmt":"2017-03-05T10:11:42","guid":{"rendered":"http:\/\/waren.friseur-goldencut.de\/?page_id=20"},"modified":"2026-04-12T20:17:48","modified_gmt":"2026-04-12T20:17:48","slug":"kontakt","status":"publish","type":"page","link":"http:\/\/waren.friseur-goldencut.de\/?page_id=20","title":{"rendered":"Kontakt"},"content":{"rendered":"<p>Falls Sie Fragen oder Probleme\u00a0haben schreiben Sie uns einfach\u00a0oder rufen Sie uns an.<br \/>\nBitte haben Sie Verst\u00e4ndnis daf\u00fcr, dass Termine nur telefonisch gemacht werden k\u00f6nnen.<\/p>\n<p><span style=\"color: #808000;\"><strong>Salon Golden Cut zum Pfennigsberg<\/strong><\/span><\/p>\n<ul>\n<li>Zum Pfennigsberg 3<\/li>\n<li>17192 Waren<\/li>\n<li>(03991) 63 35 16<\/li>\n<\/ul>\n<p><span style=\"color: #808000;\"><strong>Salon Golden Cut Teterower Stra\u00dfe<\/strong><\/span><\/p>\n<ul>\n<li>Teterower Stra\u00dfe 29<\/li>\n<li>17192 Waren<\/li>\n<li>(03991) 18 02 540<\/li>\n<\/ul>\n<p>Email: friseurgoldencut@web.de<\/p>\n<p>&nbsp;<\/p>\n\n\n<p><\/p>\n","protected":false},"excerpt":{"rendered":"<p>Falls Sie Fragen oder Probleme\u00a0haben schreiben Sie uns einfach\u00a0oder rufen Sie uns an. Bitte haben Sie Verst\u00e4ndnis daf\u00fcr, dass Termine nur telefonisch gemacht werden k\u00f6nnen. Salon Golden Cut zum Pfennigsberg Zum Pfennigsberg 3 17192 Waren (03991) 63 35 16 Salon Golden Cut Teterower Stra\u00dfe Teterower Stra\u00dfe 29 17192 Waren (03991) 18 02 540 Email: friseurgoldencut@web.de [&hellip;]<\/p>\n","protected":false},"author":1,"featured_media":0,"parent":0,"menu_order":5,"comment_status":"closed","ping_status":"closed","template":"","meta":{"footnotes":""},"class_list":["post-20","page","type-page","status-publish","hentry"],"_links":{"self":[{"href":"http:\/\/waren.friseur-goldencut.de\/index.php?rest_route=\/wp\/v2\/pages\/20","targetHints":{"allow":["GET"]}}],"collection":[{"href":"http:\/\/waren.friseur-goldencut.de\/index.php?rest_route=\/wp\/v2\/pages"}],"about":[{"href":"http:\/\/waren.friseur-goldencut.de\/index.php?rest_route=\/wp\/v2\/types\/page"}],"author":[{"embeddable":true,"href":"http:\/\/waren.friseur-goldencut.de\/index.php?rest_route=\/wp\/v2\/users\/1"}],"replies":[{"embeddable":true,"href":"http:\/\/waren.friseur-goldencut.de\/index.php?rest_route=%2Fwp%2Fv2%2Fcomments&post=20"}],"version-history":[{"count":25,"href":"http:\/\/waren.friseur-goldencut.de\/index.php?rest_route=\/wp\/v2\/pages\/20\/revisions"}],"predecessor-version":[{"id":1337,"href":"http:\/\/waren.friseur-goldencut.de\/index.php?rest_route=\/wp\/v2\/pages\/20\/revisions\/1337"}],"wp:attachment":[{"href":"http:\/\/waren.friseur-goldencut.de\/index.php?rest_route=%2Fwp%2Fv2%2Fmedia&parent=20"}],"curies":[{"name":"wp","href":"https:\/\/api.w.org\/{rel}","templated":true}]}}